{"id":4264,"date":"2025-12-31T15:47:20","date_gmt":"2025-12-31T12:47:20","guid":{"rendered":"https:\/\/fenerbahce2000.org\/?page_id=4264"},"modified":"2026-01-05T16:45:29","modified_gmt":"2026-01-05T13:45:29","slug":"uyelik","status":"publish","type":"page","link":"https:\/\/fenerbahce2000.org\/index.php\/uyelik\/","title":{"rendered":"\u00dcyelik"},"content":{"rendered":"\t\t<div data-elementor-type=\"wp-page\" data-elementor-id=\"4264\" class=\"elementor elementor-4264\">\n\t\t\t\t<div class=\"elementor-element elementor-element-9883eb2 e-flex e-con-boxed e-con e-parent\" data-id=\"9883eb2\" data-element_type=\"container\">\n\t\t\t\t\t<div class=\"e-con-inner\">\n\t\t<div data-ekitparallax=\"{&quot;ekit_section_parallax_bg&quot;:&quot;yes&quot;,&quot;ekit_section_parallax_bg_speed&quot;:0.5,&quot;elementor_lazy_load&quot;:&quot;1&quot;}\" class=\"elementor-element elementor-element-7849a1c e-flex e-con-boxed e-con e-child\" data-id=\"7849a1c\" data-element_type=\"container\" data-settings=\"{&quot;background_background&quot;:&quot;classic&quot;}\">\n\t\t\t\t\t<div class=\"e-con-inner\">\n\t\t<div class=\"elementor-element elementor-element-babb22b e-con-full e-flex e-con e-child\" data-id=\"babb22b\" data-element_type=\"container\">\n\t\t\t\t<div class=\"elementor-element elementor-element-da9d8e3 at-heading-animation at-animation-heading-style-2 elementor-widget elementor-widget-heading\" data-id=\"da9d8e3\" data-element_type=\"widget\" data-settings=\"{&quot;ekit_we_effect_on&quot;:&quot;none&quot;}\" data-widget_type=\"heading.default\">\n\t\t\t\t\t<h1 class=\"elementor-heading-title elementor-size-default\">fenerbah\u00e7e <span>2000'e<\/span> \u00fcyelik<\/h1>\t\t\t\t<\/div>\n\t\t\t\t<\/div>\n\t\t\t\t\t<\/div>\n\t\t\t\t<\/div>\n\t\t\t\t\t<\/div>\n\t\t\t\t<\/div>\n\t\t<div class=\"elementor-element elementor-element-0c9b49c e-flex e-con-boxed e-con e-parent\" data-id=\"0c9b49c\" data-element_type=\"container\">\n\t\t\t\t\t<div class=\"e-con-inner\">\n\t\t<div class=\"elementor-element elementor-element-40bb1a6 e-con-full e-flex e-con e-child\" data-id=\"40bb1a6\" data-element_type=\"container\">\n\t\t\t\t<div class=\"elementor-element elementor-element-5d40c46 at-heading-animation at-animation-heading-none elementor-widget elementor-widget-heading\" data-id=\"5d40c46\" data-element_type=\"widget\" data-settings=\"{&quot;ekit_we_effect_on&quot;:&quot;none&quot;}\" data-widget_type=\"heading.default\">\n\t\t\t\t\t<h2 class=\"elementor-heading-title elementor-size-default\">\u00dcyelik Hakk\u0131nda<\/h2>\t\t\t\t<\/div>\n\t\t\t\t<div class=\"elementor-element elementor-element-219fe95 elementor-widget elementor-widget-text-editor\" data-id=\"219fe95\" data-element_type=\"widget\" data-settings=\"{&quot;ekit_we_effect_on&quot;:&quot;none&quot;}\" data-widget_type=\"text-editor.default\">\n\t\t\t\t\t\t\t\t\t<p>Derne\u011fimize \u00fcye olabilmek i\u00e7in, a\u015fa\u011f\u0131da bulunan \u00fcyelik formunu \u00e7\u0131kt\u0131 al\u0131p, ilgili alanlar\u0131n\u0131 doldurup, ekleri ile beraber dernek adresimize <span style=\"color: #000080;\"><strong><em>(Fenerbah\u00e7e, Yelken Sk. No:6 D:12, 34726 Kad\u0131k\u00f6y\/\u0130stanbul)<\/em><\/strong><\/span> kargo\/posta yoluyla g\u00f6nderebilirsiniz.<\/p><p>\u00a0<\/p><p><a href=\"http:\/\/fenerbahce2000.org\/wp-content\/uploads\/2026\/01\/FB2000UyelikFormu.pdf\">FB 2000 Uyelik Formu<\/a><\/p>\t\t\t\t\t\t\t\t<\/div>\n\t\t\t\t<\/div>\n\t\t<div class=\"elementor-element elementor-element-d0a440e e-con-full e-flex e-con e-child\" data-id=\"d0a440e\" data-element_type=\"container\">\n\t\t\t\t<div class=\"elementor-element elementor-element-2ff27af at-image-animation at-animation-image-style-1 at-shiny-glass-effect elementor-widget elementor-widget-image\" data-id=\"2ff27af\" data-element_type=\"widget\" data-settings=\"{&quot;ekit_we_effect_on&quot;:&quot;none&quot;}\" data-widget_type=\"image.default\">\n\t\t\t\t\t\t\t\t\t\t\t\t\t\t\t<img fetchpriority=\"high\" decoding=\"async\" width=\"800\" height=\"450\" src=\"https:\/\/fenerbahce2000.org\/wp-content\/uploads\/2026\/01\/fenerbahce-kongre-uyesi-nasil-olunur-uyelik-sureci-merak-uyandirdi-1751452775221_11.jpg\" class=\"attachment-large size-large wp-image-4377\" alt=\"\" srcset=\"https:\/\/fenerbahce2000.org\/wp-content\/uploads\/2026\/01\/fenerbahce-kongre-uyesi-nasil-olunur-uyelik-sureci-merak-uyandirdi-1751452775221_11.jpg 864w, https:\/\/fenerbahce2000.org\/wp-content\/uploads\/2026\/01\/fenerbahce-kongre-uyesi-nasil-olunur-uyelik-sureci-merak-uyandirdi-1751452775221_11-300x169.jpg 300w, https:\/\/fenerbahce2000.org\/wp-content\/uploads\/2026\/01\/fenerbahce-kongre-uyesi-nasil-olunur-uyelik-sureci-merak-uyandirdi-1751452775221_11-768x432.jpg 768w\" sizes=\"(max-width: 800px) 100vw, 800px\" \/>\t\t\t\t\t\t\t\t\t\t\t\t\t\t\t<\/div>\n\t\t\t\t<\/div>\n\t\t\t\t\t<\/div>\n\t\t\t\t<\/div>\n\t\t\t\t<\/div>\n\t\t","protected":false},"excerpt":{"rendered":"<p>fenerbah\u00e7e 2000&#8217;e \u00fcyelik \u00dcyelik Hakk\u0131nda Derne\u011fimize \u00fcye olabilmek i\u00e7in, a\u015fa\u011f\u0131da bulunan \u00fcyelik [&hellip;]<\/p>\n","protected":false},"author":1,"featured_media":0,"parent":0,"menu_order":0,"comment_status":"closed","ping_status":"closed","template":"elementor_header_footer","meta":{"footnotes":""},"class_list":["post-4264","page","type-page","status-publish","hentry"],"yoast_head":"<!-- This site is optimized with the Yoast SEO plugin v26.6 - https:\/\/yoast.com\/wordpress\/plugins\/seo\/ -->\n<title>\u00dcyelik - Fenerbah\u00e7e 2000 Derne\u011fi<\/title>\n<meta name=\"robots\" content=\"index, follow, max-snippet:-1, max-image-preview:large, max-video-preview:-1\" \/>\n<link rel=\"canonical\" href=\"https:\/\/fenerbahce2000.org\/index.php\/uyelik\/\" \/>\n<meta property=\"og:locale\" content=\"tr_TR\" \/>\n<meta property=\"og:type\" content=\"article\" \/>\n<meta property=\"og:title\" content=\"\u00dcyelik - Fenerbah\u00e7e 2000 Derne\u011fi\" \/>\n<meta property=\"og:description\" content=\"fenerbah\u00e7e 2000&#8217;e \u00fcyelik \u00dcyelik Hakk\u0131nda Derne\u011fimize \u00fcye olabilmek i\u00e7in, a\u015fa\u011f\u0131da bulunan \u00fcyelik [&hellip;]\" \/>\n<meta property=\"og:url\" content=\"https:\/\/fenerbahce2000.org\/index.php\/uyelik\/\" \/>\n<meta property=\"og:site_name\" content=\"Fenerbah\u00e7e 2000 Derne\u011fi\" \/>\n<meta property=\"article:modified_time\" content=\"2026-01-05T13:45:29+00:00\" \/>\n<meta property=\"og:image\" content=\"https:\/\/fenerbahce2000.org\/wp-content\/uploads\/2026\/01\/fenerbahce-kongre-uyesi-nasil-olunur-uyelik-sureci-merak-uyandirdi-1751452775221_11.jpg\" \/>\n\t<meta property=\"og:image:width\" content=\"864\" \/>\n\t<meta property=\"og:image:height\" content=\"486\" \/>\n\t<meta property=\"og:image:type\" content=\"image\/jpeg\" \/>\n<meta name=\"twitter:card\" content=\"summary_large_image\" \/>\n<meta name=\"twitter:site\" content=\"@FB2000DERNEK\" \/>\n<meta name=\"twitter:label1\" content=\"Tahmini okuma s\u00fcresi\" \/>\n\t<meta name=\"twitter:data1\" content=\"1 dakika\" \/>\n<script type=\"application\/ld+json\" class=\"yoast-schema-graph\">{\"@context\":\"https:\/\/schema.org\",\"@graph\":[{\"@type\":\"WebPage\",\"@id\":\"https:\/\/fenerbahce2000.org\/index.php\/uyelik\/\",\"url\":\"https:\/\/fenerbahce2000.org\/index.php\/uyelik\/\",\"name\":\"\u00dcyelik - Fenerbah\u00e7e 2000 Derne\u011fi\",\"isPartOf\":{\"@id\":\"https:\/\/fenerbahce2000.org\/#website\"},\"primaryImageOfPage\":{\"@id\":\"https:\/\/fenerbahce2000.org\/index.php\/uyelik\/#primaryimage\"},\"image\":{\"@id\":\"https:\/\/fenerbahce2000.org\/index.php\/uyelik\/#primaryimage\"},\"thumbnailUrl\":\"http:\/\/fenerbahce2000.org\/wp-content\/uploads\/2026\/01\/fenerbahce-kongre-uyesi-nasil-olunur-uyelik-sureci-merak-uyandirdi-1751452775221_11.jpg\",\"datePublished\":\"2025-12-31T12:47:20+00:00\",\"dateModified\":\"2026-01-05T13:45:29+00:00\",\"breadcrumb\":{\"@id\":\"https:\/\/fenerbahce2000.org\/index.php\/uyelik\/#breadcrumb\"},\"inLanguage\":\"tr\",\"potentialAction\":[{\"@type\":\"ReadAction\",\"target\":[\"https:\/\/fenerbahce2000.org\/index.php\/uyelik\/\"]}]},{\"@type\":\"ImageObject\",\"inLanguage\":\"tr\",\"@id\":\"https:\/\/fenerbahce2000.org\/index.php\/uyelik\/#primaryimage\",\"url\":\"https:\/\/fenerbahce2000.org\/wp-content\/uploads\/2026\/01\/fenerbahce-kongre-uyesi-nasil-olunur-uyelik-sureci-merak-uyandirdi-1751452775221_11.jpg\",\"contentUrl\":\"https:\/\/fenerbahce2000.org\/wp-content\/uploads\/2026\/01\/fenerbahce-kongre-uyesi-nasil-olunur-uyelik-sureci-merak-uyandirdi-1751452775221_11.jpg\",\"width\":864,\"height\":486},{\"@type\":\"BreadcrumbList\",\"@id\":\"https:\/\/fenerbahce2000.org\/index.php\/uyelik\/#breadcrumb\",\"itemListElement\":[{\"@type\":\"ListItem\",\"position\":1,\"name\":\"Anasayfa\",\"item\":\"https:\/\/fenerbahce2000.org\/\"},{\"@type\":\"ListItem\",\"position\":2,\"name\":\"\u00dcyelik\"}]},{\"@type\":\"WebSite\",\"@id\":\"https:\/\/fenerbahce2000.org\/#website\",\"url\":\"https:\/\/fenerbahce2000.org\/\",\"name\":\"Fenerbah\u00e7e 2000 Derne\u011fi\",\"description\":\"\",\"publisher\":{\"@id\":\"https:\/\/fenerbahce2000.org\/#organization\"},\"potentialAction\":[{\"@type\":\"SearchAction\",\"target\":{\"@type\":\"EntryPoint\",\"urlTemplate\":\"https:\/\/fenerbahce2000.org\/?s={search_term_string}\"},\"query-input\":{\"@type\":\"PropertyValueSpecification\",\"valueRequired\":true,\"valueName\":\"search_term_string\"}}],\"inLanguage\":\"tr\"},{\"@type\":\"Organization\",\"@id\":\"https:\/\/fenerbahce2000.org\/#organization\",\"name\":\"Fenerbah\u00e7e 2000 Derne\u011fi\",\"url\":\"https:\/\/fenerbahce2000.org\/\",\"logo\":{\"@type\":\"ImageObject\",\"inLanguage\":\"tr\",\"@id\":\"https:\/\/fenerbahce2000.org\/#\/schema\/logo\/image\/\",\"url\":\"https:\/\/fenerbahce2000.org\/wp-content\/uploads\/2026\/01\/cropped-2logo_fb2000.png\",\"contentUrl\":\"https:\/\/fenerbahce2000.org\/wp-content\/uploads\/2026\/01\/cropped-2logo_fb2000.png\",\"width\":350,\"height\":100,\"caption\":\"Fenerbah\u00e7e 2000 Derne\u011fi\"},\"image\":{\"@id\":\"https:\/\/fenerbahce2000.org\/#\/schema\/logo\/image\/\"},\"sameAs\":[\"https:\/\/x.com\/FB2000DERNEK\",\"https:\/\/instagram.com\/FB2000DERNEK\"]}]}<\/script>\n<!-- \/ Yoast SEO plugin. -->","yoast_head_json":{"title":"\u00dcyelik - Fenerbah\u00e7e 2000 Derne\u011fi","robots":{"index":"index","follow":"follow","max-snippet":"max-snippet:-1","max-image-preview":"max-image-preview:large","max-video-preview":"max-video-preview:-1"},"canonical":"https:\/\/fenerbahce2000.org\/index.php\/uyelik\/","og_locale":"tr_TR","og_type":"article","og_title":"\u00dcyelik - Fenerbah\u00e7e 2000 Derne\u011fi","og_description":"fenerbah\u00e7e 2000&#8217;e \u00fcyelik \u00dcyelik Hakk\u0131nda Derne\u011fimize \u00fcye olabilmek i\u00e7in, a\u015fa\u011f\u0131da bulunan \u00fcyelik [&hellip;]","og_url":"https:\/\/fenerbahce2000.org\/index.php\/uyelik\/","og_site_name":"Fenerbah\u00e7e 2000 Derne\u011fi","article_modified_time":"2026-01-05T13:45:29+00:00","og_image":[{"width":864,"height":486,"url":"https:\/\/fenerbahce2000.org\/wp-content\/uploads\/2026\/01\/fenerbahce-kongre-uyesi-nasil-olunur-uyelik-sureci-merak-uyandirdi-1751452775221_11.jpg","type":"image\/jpeg"}],"twitter_card":"summary_large_image","twitter_site":"@FB2000DERNEK","twitter_misc":{"Tahmini okuma s\u00fcresi":"1 dakika"},"schema":{"@context":"https:\/\/schema.org","@graph":[{"@type":"WebPage","@id":"https:\/\/fenerbahce2000.org\/index.php\/uyelik\/","url":"https:\/\/fenerbahce2000.org\/index.php\/uyelik\/","name":"\u00dcyelik - Fenerbah\u00e7e 2000 Derne\u011fi","isPartOf":{"@id":"https:\/\/fenerbahce2000.org\/#website"},"primaryImageOfPage":{"@id":"https:\/\/fenerbahce2000.org\/index.php\/uyelik\/#primaryimage"},"image":{"@id":"https:\/\/fenerbahce2000.org\/index.php\/uyelik\/#primaryimage"},"thumbnailUrl":"http:\/\/fenerbahce2000.org\/wp-content\/uploads\/2026\/01\/fenerbahce-kongre-uyesi-nasil-olunur-uyelik-sureci-merak-uyandirdi-1751452775221_11.jpg","datePublished":"2025-12-31T12:47:20+00:00","dateModified":"2026-01-05T13:45:29+00:00","breadcrumb":{"@id":"https:\/\/fenerbahce2000.org\/index.php\/uyelik\/#breadcrumb"},"inLanguage":"tr","potentialAction":[{"@type":"ReadAction","target":["https:\/\/fenerbahce2000.org\/index.php\/uyelik\/"]}]},{"@type":"ImageObject","inLanguage":"tr","@id":"https:\/\/fenerbahce2000.org\/index.php\/uyelik\/#primaryimage","url":"https:\/\/fenerbahce2000.org\/wp-content\/uploads\/2026\/01\/fenerbahce-kongre-uyesi-nasil-olunur-uyelik-sureci-merak-uyandirdi-1751452775221_11.jpg","contentUrl":"https:\/\/fenerbahce2000.org\/wp-content\/uploads\/2026\/01\/fenerbahce-kongre-uyesi-nasil-olunur-uyelik-sureci-merak-uyandirdi-1751452775221_11.jpg","width":864,"height":486},{"@type":"BreadcrumbList","@id":"https:\/\/fenerbahce2000.org\/index.php\/uyelik\/#breadcrumb","itemListElement":[{"@type":"ListItem","position":1,"name":"Anasayfa","item":"https:\/\/fenerbahce2000.org\/"},{"@type":"ListItem","position":2,"name":"\u00dcyelik"}]},{"@type":"WebSite","@id":"https:\/\/fenerbahce2000.org\/#website","url":"https:\/\/fenerbahce2000.org\/","name":"Fenerbah\u00e7e 2000 Derne\u011fi","description":"","publisher":{"@id":"https:\/\/fenerbahce2000.org\/#organization"},"potentialAction":[{"@type":"SearchAction","target":{"@type":"EntryPoint","urlTemplate":"https:\/\/fenerbahce2000.org\/?s={search_term_string}"},"query-input":{"@type":"PropertyValueSpecification","valueRequired":true,"valueName":"search_term_string"}}],"inLanguage":"tr"},{"@type":"Organization","@id":"https:\/\/fenerbahce2000.org\/#organization","name":"Fenerbah\u00e7e 2000 Derne\u011fi","url":"https:\/\/fenerbahce2000.org\/","logo":{"@type":"ImageObject","inLanguage":"tr","@id":"https:\/\/fenerbahce2000.org\/#\/schema\/logo\/image\/","url":"https:\/\/fenerbahce2000.org\/wp-content\/uploads\/2026\/01\/cropped-2logo_fb2000.png","contentUrl":"https:\/\/fenerbahce2000.org\/wp-content\/uploads\/2026\/01\/cropped-2logo_fb2000.png","width":350,"height":100,"caption":"Fenerbah\u00e7e 2000 Derne\u011fi"},"image":{"@id":"https:\/\/fenerbahce2000.org\/#\/schema\/logo\/image\/"},"sameAs":["https:\/\/x.com\/FB2000DERNEK","https:\/\/instagram.com\/FB2000DERNEK"]}]}},"_links":{"self":[{"href":"https:\/\/fenerbahce2000.org\/index.php\/wp-json\/wp\/v2\/pages\/4264","targetHints":{"allow":["GET"]}}],"collection":[{"href":"https:\/\/fenerbahce2000.org\/index.php\/wp-json\/wp\/v2\/pages"}],"about":[{"href":"https:\/\/fenerbahce2000.org\/index.php\/wp-json\/wp\/v2\/types\/page"}],"author":[{"embeddable":true,"href":"https:\/\/fenerbahce2000.org\/index.php\/wp-json\/wp\/v2\/users\/1"}],"replies":[{"embeddable":true,"href":"https:\/\/fenerbahce2000.org\/index.php\/wp-json\/wp\/v2\/comments?post=4264"}],"version-history":[{"count":10,"href":"https:\/\/fenerbahce2000.org\/index.php\/wp-json\/wp\/v2\/pages\/4264\/revisions"}],"predecessor-version":[{"id":4383,"href":"https:\/\/fenerbahce2000.org\/index.php\/wp-json\/wp\/v2\/pages\/4264\/revisions\/4383"}],"wp:attachment":[{"href":"https:\/\/fenerbahce2000.org\/index.php\/wp-json\/wp\/v2\/media?parent=4264"}],"curies":[{"name":"wp","href":"https:\/\/api.w.org\/{rel}","templated":true}]}}