{"id":2498,"date":"2025-07-16T08:46:26","date_gmt":"2025-07-16T08:46:26","guid":{"rendered":"https:\/\/demo.awaikenthemes.com\/footclub\/soccer-club\/?page_id=2498"},"modified":"2025-12-31T13:28:08","modified_gmt":"2025-12-31T10:28:08","slug":"baskanin-mesaji","status":"publish","type":"page","link":"https:\/\/fenerbahce2000.org\/index.php\/baskanin-mesaji\/","title":{"rendered":"Ba\u015fkan&#8217;\u0131n Mesaj\u0131"},"content":{"rendered":"\t\t<div data-elementor-type=\"wp-page\" data-elementor-id=\"2498\" class=\"elementor elementor-2498\">\n\t\t\t\t<div class=\"elementor-element elementor-element-e04a98c e-flex e-con-boxed e-con e-parent\" data-id=\"e04a98c\" data-element_type=\"container\">\n\t\t\t\t\t<div class=\"e-con-inner\">\n\t\t<div data-ekitparallax=\"{&quot;ekit_section_parallax_bg&quot;:&quot;yes&quot;,&quot;ekit_section_parallax_bg_speed&quot;:0.5,&quot;elementor_lazy_load&quot;:&quot;1&quot;}\" class=\"elementor-element elementor-element-d608663 e-flex e-con-boxed e-con e-child\" data-id=\"d608663\" data-element_type=\"container\" data-settings=\"{&quot;background_background&quot;:&quot;classic&quot;}\">\n\t\t\t\t\t<div class=\"e-con-inner\">\n\t\t<div class=\"elementor-element elementor-element-1541744 e-con-full e-flex e-con e-child\" data-id=\"1541744\" data-element_type=\"container\">\n\t\t\t\t<div class=\"elementor-element elementor-element-de66fa3 at-heading-animation at-animation-heading-style-2 elementor-widget elementor-widget-heading\" data-id=\"de66fa3\" data-element_type=\"widget\" data-settings=\"{&quot;ekit_we_effect_on&quot;:&quot;none&quot;}\" data-widget_type=\"heading.default\">\n\t\t\t\t\t<h1 class=\"elementor-heading-title elementor-size-default\">Ba\u015fkan'\u0131n <span>mesaj\u0131<\/span><\/h1>\t\t\t\t<\/div>\n\t\t\t\t<\/div>\n\t\t\t\t\t<\/div>\n\t\t\t\t<\/div>\n\t\t\t\t\t<\/div>\n\t\t\t\t<\/div>\n\t\t<div class=\"elementor-element elementor-element-f6055e1 e-flex e-con-boxed e-con e-parent\" data-id=\"f6055e1\" data-element_type=\"container\">\n\t\t\t\t\t<div class=\"e-con-inner\">\n\t\t\t\t<div class=\"elementor-element elementor-element-bca917b at-image-animation at-animation-image-style-1 at-shiny-glass-effect elementor-widget elementor-widget-image\" data-id=\"bca917b\" data-element_type=\"widget\" data-settings=\"{&quot;ekit_we_effect_on&quot;:&quot;none&quot;}\" data-widget_type=\"image.default\">\n\t\t\t\t\t\t\t\t\t\t\t\t\t\t\t<img fetchpriority=\"high\" decoding=\"async\" width=\"728\" height=\"410\" src=\"https:\/\/fenerbahce2000.org\/wp-content\/uploads\/2025\/12\/6611bdcb37495113877fb3f21.jpg\" class=\"attachment-full size-full wp-image-4180\" alt=\"\" srcset=\"https:\/\/fenerbahce2000.org\/wp-content\/uploads\/2025\/12\/6611bdcb37495113877fb3f21.jpg 728w, https:\/\/fenerbahce2000.org\/wp-content\/uploads\/2025\/12\/6611bdcb37495113877fb3f21-300x169.jpg 300w\" sizes=\"(max-width: 728px) 100vw, 728px\" \/>\t\t\t\t\t\t\t\t\t\t\t\t\t\t\t<\/div>\n\t\t\t\t<div class=\"elementor-element elementor-element-ceb382b elementor-widget__width-initial elementor-widget elementor-widget-text-editor\" data-id=\"ceb382b\" data-element_type=\"widget\" data-settings=\"{&quot;ekit_we_effect_on&quot;:&quot;none&quot;}\" data-widget_type=\"text-editor.default\">\n\t\t\t\t\t\t\t\t\t<p>Fenerbah\u00e7e, yaln\u0131zca bir spor kul\u00fcb\u00fc de\u011fil; bir duru\u015fun, bir m\u00fccadelenin, bir b\u00fcy\u00fck camian\u0131n ad\u0131d\u0131r.<br \/>Bu b\u00fcy\u00fck camia, ancak birlik ve beraberlik i\u00e7inde oldu\u011fu s\u00fcrece g\u00fc\u00e7lenir, gelece\u011fini sa\u011flam temeller \u00fczerine in\u015fa eder.<\/p><p>Fenerbah\u00e7e 2000 Derne\u011fi olarak kurulu\u015fumuzdan bu yana tek bir hedefimiz vard\u0131r:<br \/>Fenerbah\u00e7e\u2019nin menfaatlerini her ko\u015fulda savunmak, camiay\u0131 ortak ak\u0131l etraf\u0131nda bir araya getirmek ve kul\u00fcb\u00fcm\u00fcz\u00fcn yar\u0131nlar\u0131n\u0131 bug\u00fcnden in\u015fa etmek.<\/p><p>Bizler, g\u00fcn\u00fc kurtaran de\u011fil; gelece\u011fi planlayan bir anlay\u0131\u015f\u0131n temsilcileriyiz.<br \/>Fenerbah\u00e7e\u2019ye sadece trib\u00fcnde de\u011fil, y\u00f6netim kademelerinde de nitelikli, donan\u0131ml\u0131, sorumluluk alabilen bireyler kazand\u0131rmay\u0131 asli bir g\u00f6rev olarak g\u00f6r\u00fcyoruz.<br \/>Bu dernek, Fenerbah\u00e7e\u2019ye y\u00f6netici yeti\u015ftiren, camia bilinci y\u00fcksek, kul\u00fcp k\u00fclt\u00fcr\u00fcn\u00fc \u00f6z\u00fcmsemi\u015f kadrolar\u0131n olu\u015fmas\u0131na katk\u0131 sunan bir okul niteli\u011findedir.<\/p><p>Fenerbah\u00e7e 2000 Derne\u011fi;<br \/>Kul\u00fcp i\u00e7i geli\u015fmeleri yak\u0131ndan takip eden,<br \/>S\u00f6z\u00fcn\u00fc gerekti\u011finde a\u00e7\u0131k ve net s\u00f6yleyen,<br \/>Camiadan yana tav\u0131r alan,<br \/>Fenerbah\u00e7e\u2019nin gelece\u011fine y\u00f6n verme iddias\u0131 olan etkin bir sivil iradedir.<\/p><p>Bug\u00fcn Fenerbah\u00e7e\u2019nin ihtiyac\u0131 olan \u015fey; ayr\u0131\u015fma de\u011fil kenetlenme, sessizlik de\u011fil sorumluluk, tepkisellik de\u011fil ak\u0131ld\u0131r.<br \/>Bu akl\u0131n olu\u015faca\u011f\u0131 yer de Fenerbah\u00e7e\u2019ye g\u00f6n\u00fcl vermi\u015f insanlar\u0131n bir araya geldi\u011fi yap\u0131lard\u0131r.<\/p><p>Bu nedenle t\u00fcm Fenerbah\u00e7elileri;<br \/>Kul\u00fcb\u00fcne sahip \u00e7\u0131kan,<br \/>Sorumluluk almaktan \u00e7ekinmeyen,<br \/>Fenerbah\u00e7e\u2019nin yar\u0131nlar\u0131nda s\u00f6z sahibi olmak isteyen herkesi<br \/>Fenerbah\u00e7e 2000 Derne\u011fi \u00e7at\u0131s\u0131 alt\u0131nda birle\u015fmeye davet ediyorum.<\/p><p>Unutulmamal\u0131d\u0131r ki;<br \/>Fenerbah\u00e7e\u2019nin gelece\u011fi, Fenerbah\u00e7elilerin cesareti ve iradesiyle \u015fekillenecektir.<\/p><p>Sayg\u0131lar\u0131mla,<\/p>\t\t\t\t\t\t\t\t<\/div>\n\t\t\t\t<div class=\"elementor-element elementor-element-9388080 testimonials-client-box ekit-equal-height-enable elementor-widget elementor-widget-elementskit-icon-box\" data-id=\"9388080\" data-element_type=\"widget\" data-settings=\"{&quot;ekit_we_effect_on&quot;:&quot;none&quot;}\" data-widget_type=\"elementskit-icon-box.default\">\n\t\t\t\t\t<div class=\"ekit-wid-con\" >        <!-- link opening -->\n                <!-- end link opening -->\n\n        <div class=\"elementskit-infobox text-left text-left icon-lef-right-aligin elementor-animation- media  \">\n                            <div class=\"elementskit-box-header\">\n                <div class=\"elementskit-info-box-icon text-center\">\n                    <img decoding=\"async\" width=\"728\" height=\"410\" src=\"https:\/\/fenerbahce2000.org\/wp-content\/uploads\/2025\/12\/6611bdcb37495113877fb3f21.jpg\" class=\"attachment- size-\" alt=\"\" srcset=\"https:\/\/fenerbahce2000.org\/wp-content\/uploads\/2025\/12\/6611bdcb37495113877fb3f21.jpg 728w, https:\/\/fenerbahce2000.org\/wp-content\/uploads\/2025\/12\/6611bdcb37495113877fb3f21-300x169.jpg 300w\" sizes=\"(max-width: 728px) 100vw, 728px\" \/>                <\/div>\n          <\/div>\n                <div class=\"box-body\">\n                            <h3 class=\"elementskit-info-box-title\">\n                    \u015eevket YILMAZ                <\/h3>\n                        \t\t  \t<p>Fenerbah\u00e7e 2000 Dernek Ba\u015fkan\u0131<\/p>\n                                <\/div>\n        \n        \n                <\/div>\n        <\/div>\t\t\t\t<\/div>\n\t\t\t\t\t<\/div>\n\t\t\t\t<\/div>\n\t\t\t\t<\/div>\n\t\t","protected":false},"excerpt":{"rendered":"<p>Ba\u015fkan&#8217;\u0131n mesaj\u0131 Fenerbah\u00e7e, yaln\u0131zca bir spor kul\u00fcb\u00fc de\u011fil; bir duru\u015fun, bir m\u00fccadelenin, [&hellip;]<\/p>\n","protected":false},"author":1,"featured_media":0,"parent":0,"menu_order":0,"comment_status":"closed","ping_status":"closed","template":"elementor_header_footer","meta":{"footnotes":""},"class_list":["post-2498","page","type-page","status-publish","hentry"],"yoast_head":"<!-- This site is optimized with the Yoast SEO plugin v26.6 - https:\/\/yoast.com\/wordpress\/plugins\/seo\/ -->\n<title>Ba\u015fkan&#039;\u0131n Mesaj\u0131 - Fenerbah\u00e7e 2000 Derne\u011fi<\/title>\n<meta name=\"robots\" content=\"index, follow, max-snippet:-1, max-image-preview:large, max-video-preview:-1\" \/>\n<link rel=\"canonical\" href=\"https:\/\/fenerbahce2000.org\/index.php\/baskanin-mesaji\/\" \/>\n<meta property=\"og:locale\" content=\"tr_TR\" \/>\n<meta property=\"og:type\" content=\"article\" \/>\n<meta property=\"og:title\" content=\"Ba\u015fkan&#039;\u0131n Mesaj\u0131 - Fenerbah\u00e7e 2000 Derne\u011fi\" \/>\n<meta property=\"og:description\" content=\"Ba\u015fkan&#8217;\u0131n mesaj\u0131 Fenerbah\u00e7e, yaln\u0131zca bir spor kul\u00fcb\u00fc de\u011fil; bir duru\u015fun, bir m\u00fccadelenin, [&hellip;]\" \/>\n<meta property=\"og:url\" content=\"https:\/\/fenerbahce2000.org\/index.php\/baskanin-mesaji\/\" \/>\n<meta property=\"og:site_name\" content=\"Fenerbah\u00e7e 2000 Derne\u011fi\" \/>\n<meta property=\"article:modified_time\" content=\"2025-12-31T10:28:08+00:00\" \/>\n<meta property=\"og:image\" content=\"http:\/\/fenerbahce2000.org\/wp-content\/uploads\/2025\/12\/6611bdcb37495113877fb3f21.jpg\" \/>\n<meta name=\"twitter:card\" content=\"summary_large_image\" \/>\n<meta name=\"twitter:site\" content=\"@FB2000DERNEK\" \/>\n<meta name=\"twitter:label1\" content=\"Tahmini okuma s\u00fcresi\" \/>\n\t<meta name=\"twitter:data1\" content=\"2 dakika\" \/>\n<script type=\"application\/ld+json\" class=\"yoast-schema-graph\">{\"@context\":\"https:\/\/schema.org\",\"@graph\":[{\"@type\":\"WebPage\",\"@id\":\"https:\/\/fenerbahce2000.org\/index.php\/baskanin-mesaji\/\",\"url\":\"https:\/\/fenerbahce2000.org\/index.php\/baskanin-mesaji\/\",\"name\":\"Ba\u015fkan'\u0131n Mesaj\u0131 - Fenerbah\u00e7e 2000 Derne\u011fi\",\"isPartOf\":{\"@id\":\"https:\/\/fenerbahce2000.org\/#website\"},\"primaryImageOfPage\":{\"@id\":\"https:\/\/fenerbahce2000.org\/index.php\/baskanin-mesaji\/#primaryimage\"},\"image\":{\"@id\":\"https:\/\/fenerbahce2000.org\/index.php\/baskanin-mesaji\/#primaryimage\"},\"thumbnailUrl\":\"http:\/\/fenerbahce2000.org\/wp-content\/uploads\/2025\/12\/6611bdcb37495113877fb3f21.jpg\",\"datePublished\":\"2025-07-16T08:46:26+00:00\",\"dateModified\":\"2025-12-31T10:28:08+00:00\",\"breadcrumb\":{\"@id\":\"https:\/\/fenerbahce2000.org\/index.php\/baskanin-mesaji\/#breadcrumb\"},\"inLanguage\":\"tr\",\"potentialAction\":[{\"@type\":\"ReadAction\",\"target\":[\"https:\/\/fenerbahce2000.org\/index.php\/baskanin-mesaji\/\"]}]},{\"@type\":\"ImageObject\",\"inLanguage\":\"tr\",\"@id\":\"https:\/\/fenerbahce2000.org\/index.php\/baskanin-mesaji\/#primaryimage\",\"url\":\"http:\/\/fenerbahce2000.org\/wp-content\/uploads\/2025\/12\/6611bdcb37495113877fb3f21.jpg\",\"contentUrl\":\"http:\/\/fenerbahce2000.org\/wp-content\/uploads\/2025\/12\/6611bdcb37495113877fb3f21.jpg\"},{\"@type\":\"BreadcrumbList\",\"@id\":\"https:\/\/fenerbahce2000.org\/index.php\/baskanin-mesaji\/#breadcrumb\",\"itemListElement\":[{\"@type\":\"ListItem\",\"position\":1,\"name\":\"Anasayfa\",\"item\":\"https:\/\/fenerbahce2000.org\/\"},{\"@type\":\"ListItem\",\"position\":2,\"name\":\"Ba\u015fkan&#8217;\u0131n Mesaj\u0131\"}]},{\"@type\":\"WebSite\",\"@id\":\"https:\/\/fenerbahce2000.org\/#website\",\"url\":\"https:\/\/fenerbahce2000.org\/\",\"name\":\"Fenerbah\u00e7e 2000 Derne\u011fi\",\"description\":\"\",\"publisher\":{\"@id\":\"https:\/\/fenerbahce2000.org\/#organization\"},\"potentialAction\":[{\"@type\":\"SearchAction\",\"target\":{\"@type\":\"EntryPoint\",\"urlTemplate\":\"https:\/\/fenerbahce2000.org\/?s={search_term_string}\"},\"query-input\":{\"@type\":\"PropertyValueSpecification\",\"valueRequired\":true,\"valueName\":\"search_term_string\"}}],\"inLanguage\":\"tr\"},{\"@type\":\"Organization\",\"@id\":\"https:\/\/fenerbahce2000.org\/#organization\",\"name\":\"Fenerbah\u00e7e 2000 Derne\u011fi\",\"url\":\"https:\/\/fenerbahce2000.org\/\",\"logo\":{\"@type\":\"ImageObject\",\"inLanguage\":\"tr\",\"@id\":\"https:\/\/fenerbahce2000.org\/#\/schema\/logo\/image\/\",\"url\":\"https:\/\/fenerbahce2000.org\/wp-content\/uploads\/2026\/01\/cropped-2logo_fb2000.png\",\"contentUrl\":\"https:\/\/fenerbahce2000.org\/wp-content\/uploads\/2026\/01\/cropped-2logo_fb2000.png\",\"width\":350,\"height\":100,\"caption\":\"Fenerbah\u00e7e 2000 Derne\u011fi\"},\"image\":{\"@id\":\"https:\/\/fenerbahce2000.org\/#\/schema\/logo\/image\/\"},\"sameAs\":[\"https:\/\/x.com\/FB2000DERNEK\",\"https:\/\/instagram.com\/FB2000DERNEK\"]}]}<\/script>\n<!-- \/ Yoast SEO plugin. -->","yoast_head_json":{"title":"Ba\u015fkan'\u0131n Mesaj\u0131 - Fenerbah\u00e7e 2000 Derne\u011fi","robots":{"index":"index","follow":"follow","max-snippet":"max-snippet:-1","max-image-preview":"max-image-preview:large","max-video-preview":"max-video-preview:-1"},"canonical":"https:\/\/fenerbahce2000.org\/index.php\/baskanin-mesaji\/","og_locale":"tr_TR","og_type":"article","og_title":"Ba\u015fkan'\u0131n Mesaj\u0131 - Fenerbah\u00e7e 2000 Derne\u011fi","og_description":"Ba\u015fkan&#8217;\u0131n mesaj\u0131 Fenerbah\u00e7e, yaln\u0131zca bir spor kul\u00fcb\u00fc de\u011fil; bir duru\u015fun, bir m\u00fccadelenin, [&hellip;]","og_url":"https:\/\/fenerbahce2000.org\/index.php\/baskanin-mesaji\/","og_site_name":"Fenerbah\u00e7e 2000 Derne\u011fi","article_modified_time":"2025-12-31T10:28:08+00:00","og_image":[{"url":"http:\/\/fenerbahce2000.org\/wp-content\/uploads\/2025\/12\/6611bdcb37495113877fb3f21.jpg","type":"","width":"","height":""}],"twitter_card":"summary_large_image","twitter_site":"@FB2000DERNEK","twitter_misc":{"Tahmini okuma s\u00fcresi":"2 dakika"},"schema":{"@context":"https:\/\/schema.org","@graph":[{"@type":"WebPage","@id":"https:\/\/fenerbahce2000.org\/index.php\/baskanin-mesaji\/","url":"https:\/\/fenerbahce2000.org\/index.php\/baskanin-mesaji\/","name":"Ba\u015fkan'\u0131n Mesaj\u0131 - Fenerbah\u00e7e 2000 Derne\u011fi","isPartOf":{"@id":"https:\/\/fenerbahce2000.org\/#website"},"primaryImageOfPage":{"@id":"https:\/\/fenerbahce2000.org\/index.php\/baskanin-mesaji\/#primaryimage"},"image":{"@id":"https:\/\/fenerbahce2000.org\/index.php\/baskanin-mesaji\/#primaryimage"},"thumbnailUrl":"http:\/\/fenerbahce2000.org\/wp-content\/uploads\/2025\/12\/6611bdcb37495113877fb3f21.jpg","datePublished":"2025-07-16T08:46:26+00:00","dateModified":"2025-12-31T10:28:08+00:00","breadcrumb":{"@id":"https:\/\/fenerbahce2000.org\/index.php\/baskanin-mesaji\/#breadcrumb"},"inLanguage":"tr","potentialAction":[{"@type":"ReadAction","target":["https:\/\/fenerbahce2000.org\/index.php\/baskanin-mesaji\/"]}]},{"@type":"ImageObject","inLanguage":"tr","@id":"https:\/\/fenerbahce2000.org\/index.php\/baskanin-mesaji\/#primaryimage","url":"http:\/\/fenerbahce2000.org\/wp-content\/uploads\/2025\/12\/6611bdcb37495113877fb3f21.jpg","contentUrl":"http:\/\/fenerbahce2000.org\/wp-content\/uploads\/2025\/12\/6611bdcb37495113877fb3f21.jpg"},{"@type":"BreadcrumbList","@id":"https:\/\/fenerbahce2000.org\/index.php\/baskanin-mesaji\/#breadcrumb","itemListElement":[{"@type":"ListItem","position":1,"name":"Anasayfa","item":"https:\/\/fenerbahce2000.org\/"},{"@type":"ListItem","position":2,"name":"Ba\u015fkan&#8217;\u0131n Mesaj\u0131"}]},{"@type":"WebSite","@id":"https:\/\/fenerbahce2000.org\/#website","url":"https:\/\/fenerbahce2000.org\/","name":"Fenerbah\u00e7e 2000 Derne\u011fi","description":"","publisher":{"@id":"https:\/\/fenerbahce2000.org\/#organization"},"potentialAction":[{"@type":"SearchAction","target":{"@type":"EntryPoint","urlTemplate":"https:\/\/fenerbahce2000.org\/?s={search_term_string}"},"query-input":{"@type":"PropertyValueSpecification","valueRequired":true,"valueName":"search_term_string"}}],"inLanguage":"tr"},{"@type":"Organization","@id":"https:\/\/fenerbahce2000.org\/#organization","name":"Fenerbah\u00e7e 2000 Derne\u011fi","url":"https:\/\/fenerbahce2000.org\/","logo":{"@type":"ImageObject","inLanguage":"tr","@id":"https:\/\/fenerbahce2000.org\/#\/schema\/logo\/image\/","url":"https:\/\/fenerbahce2000.org\/wp-content\/uploads\/2026\/01\/cropped-2logo_fb2000.png","contentUrl":"https:\/\/fenerbahce2000.org\/wp-content\/uploads\/2026\/01\/cropped-2logo_fb2000.png","width":350,"height":100,"caption":"Fenerbah\u00e7e 2000 Derne\u011fi"},"image":{"@id":"https:\/\/fenerbahce2000.org\/#\/schema\/logo\/image\/"},"sameAs":["https:\/\/x.com\/FB2000DERNEK","https:\/\/instagram.com\/FB2000DERNEK"]}]}},"_links":{"self":[{"href":"https:\/\/fenerbahce2000.org\/index.php\/wp-json\/wp\/v2\/pages\/2498","targetHints":{"allow":["GET"]}}],"collection":[{"href":"https:\/\/fenerbahce2000.org\/index.php\/wp-json\/wp\/v2\/pages"}],"about":[{"href":"https:\/\/fenerbahce2000.org\/index.php\/wp-json\/wp\/v2\/types\/page"}],"author":[{"embeddable":true,"href":"https:\/\/fenerbahce2000.org\/index.php\/wp-json\/wp\/v2\/users\/1"}],"replies":[{"embeddable":true,"href":"https:\/\/fenerbahce2000.org\/index.php\/wp-json\/wp\/v2\/comments?post=2498"}],"version-history":[{"count":11,"href":"https:\/\/fenerbahce2000.org\/index.php\/wp-json\/wp\/v2\/pages\/2498\/revisions"}],"predecessor-version":[{"id":4189,"href":"https:\/\/fenerbahce2000.org\/index.php\/wp-json\/wp\/v2\/pages\/2498\/revisions\/4189"}],"wp:attachment":[{"href":"https:\/\/fenerbahce2000.org\/index.php\/wp-json\/wp\/v2\/media?parent=2498"}],"curies":[{"name":"wp","href":"https:\/\/api.w.org\/{rel}","templated":true}]}}