{"id":2290,"date":"2025-07-16T06:12:49","date_gmt":"2025-07-16T06:12:49","guid":{"rendered":"https:\/\/demo.awaikenthemes.com\/footclub\/soccer-club\/?page_id=2290"},"modified":"2026-01-05T12:49:31","modified_gmt":"2026-01-05T09:49:31","slug":"dernek-hakkinda","status":"publish","type":"page","link":"https:\/\/fenerbahce2000.org\/index.php\/services\/dernek-hakkinda\/","title":{"rendered":"Dernek"},"content":{"rendered":"\t\t<div data-elementor-type=\"wp-page\" data-elementor-id=\"2290\" class=\"elementor elementor-2290\">\n\t\t\t\t<div class=\"elementor-element elementor-element-11cf87c e-flex e-con-boxed e-con e-parent\" data-id=\"11cf87c\" data-element_type=\"container\">\n\t\t\t\t\t<div class=\"e-con-inner\">\n\t\t<div data-ekitparallax=\"{&quot;ekit_section_parallax_bg&quot;:&quot;yes&quot;,&quot;ekit_section_parallax_bg_speed&quot;:0.5,&quot;elementor_lazy_load&quot;:&quot;1&quot;}\" class=\"elementor-element elementor-element-df43128 e-flex e-con-boxed e-con e-child\" data-id=\"df43128\" data-element_type=\"container\" data-settings=\"{&quot;background_background&quot;:&quot;classic&quot;}\">\n\t\t\t\t\t<div class=\"e-con-inner\">\n\t\t<div class=\"elementor-element elementor-element-2a4677c e-con-full e-flex e-con e-child\" data-id=\"2a4677c\" data-element_type=\"container\">\n\t\t\t\t<div class=\"elementor-element elementor-element-de1e7e5 at-heading-animation at-animation-heading-style-2 elementor-widget elementor-widget-heading\" data-id=\"de1e7e5\" data-element_type=\"widget\" data-settings=\"{&quot;ekit_we_effect_on&quot;:&quot;none&quot;}\" data-widget_type=\"heading.default\">\n\t\t\t\t\t<h1 class=\"elementor-heading-title elementor-size-default\">FENERBAH\u00c7E 2000 <span>DERNE\u011e\u0130 <\/span><\/h1>\t\t\t\t<\/div>\n\t\t\t\t<\/div>\n\t\t\t\t\t<\/div>\n\t\t\t\t<\/div>\n\t\t\t\t\t<\/div>\n\t\t\t\t<\/div>\n\t\t<div class=\"elementor-element elementor-element-c986e82 e-flex e-con-boxed e-con e-parent\" data-id=\"c986e82\" data-element_type=\"container\" data-settings=\"{&quot;background_background&quot;:&quot;classic&quot;}\">\n\t\t\t\t\t<div class=\"e-con-inner\">\n\t\t<div class=\"elementor-element elementor-element-5c9ecad e-con-full e-flex e-con e-child\" data-id=\"5c9ecad\" data-element_type=\"container\">\n\t\t<div class=\"elementor-element elementor-element-0e00af3 e-con-full sticky-column e-flex e-con e-child\" data-id=\"0e00af3\" data-element_type=\"container\">\n\t\t<div class=\"elementor-element elementor-element-bf4677d e-con-full e-flex elementor-invisible e-con e-child\" data-id=\"bf4677d\" data-element_type=\"container\" data-settings=\"{&quot;animation&quot;:&quot;fadeInUp&quot;}\">\n\t\t\t\t<div class=\"elementor-element elementor-element-cb34aaf elementor-widget elementor-widget-footclub-elementor-template\" data-id=\"cb34aaf\" data-element_type=\"widget\" data-settings=\"{&quot;ekit_we_effect_on&quot;:&quot;none&quot;}\" data-widget_type=\"footclub-elementor-template.default\">\n\t\t\t\t<div class=\"elementor-widget-container\">\n\t\t\t\t\t\t\t<div class=\"elementor-template\">\n\t\t\t\t\t<\/div>\n\t\t\t\t\t\t<\/div>\n\t\t\t\t<\/div>\n\t\t\t\t<\/div>\n\t\t<div class=\"elementor-element elementor-element-4d722e2 e-con-full e-flex elementor-invisible e-con e-child\" data-id=\"4d722e2\" data-element_type=\"container\" data-settings=\"{&quot;animation&quot;:&quot;fadeInUp&quot;,&quot;animation_delay&quot;:100}\">\n\t\t\t\t<div class=\"elementor-element elementor-element-dc01ab5 elementor-widget elementor-widget-footclub-elementor-template\" data-id=\"dc01ab5\" data-element_type=\"widget\" data-settings=\"{&quot;ekit_we_effect_on&quot;:&quot;none&quot;}\" data-widget_type=\"footclub-elementor-template.default\">\n\t\t\t\t<div class=\"elementor-widget-container\">\n\t\t\t\t\t\t\t<div class=\"elementor-template\">\n\t\t\t\t\t<div data-elementor-type=\"section\" data-elementor-id=\"2312\" class=\"elementor elementor-2312\">\n\t\t\t\t<div class=\"elementor-element elementor-element-d4e4162 e-con-full e-flex e-con e-child\" data-id=\"d4e4162\" data-element_type=\"container\" data-settings=\"{&quot;background_background&quot;:&quot;classic&quot;}\">\n\t\t\t\t<div class=\"elementor-element elementor-element-226014b at-image-animation at-animation-image-none at-none elementor-widget elementor-widget-image\" data-id=\"226014b\" data-element_type=\"widget\" data-settings=\"{&quot;ekit_we_effect_on&quot;:&quot;none&quot;}\" data-widget_type=\"image.default\">\n\t\t\t\t\t\t\t\t\t\t\t\t\t\t\t<img decoding=\"async\" width=\"350\" height=\"100\" src=\"https:\/\/fenerbahce2000.org\/wp-content\/uploads\/2025\/12\/cropped-newlogo.png\" class=\"attachment-full size-full wp-image-4125\" alt=\"\" srcset=\"https:\/\/fenerbahce2000.org\/wp-content\/uploads\/2025\/12\/cropped-newlogo.png 350w, https:\/\/fenerbahce2000.org\/wp-content\/uploads\/2025\/12\/cropped-newlogo-300x86.png 300w\" sizes=\"(max-width: 350px) 100vw, 350px\" \/>\t\t\t\t\t\t\t\t\t\t\t\t\t\t\t<\/div>\n\t\t<div class=\"elementor-element elementor-element-6d8d993 e-con-full sidebar-cta-contact e-flex e-con e-child\" data-id=\"6d8d993\" data-element_type=\"container\" data-settings=\"{&quot;background_background&quot;:&quot;classic&quot;}\">\n\t\t\t\t<div class=\"elementor-element elementor-element-7d92046 sidebar-cta-contact-item ekit-equal-height-disable elementor-widget elementor-widget-elementskit-icon-box\" data-id=\"7d92046\" data-element_type=\"widget\" data-settings=\"{&quot;ekit_we_effect_on&quot;:&quot;none&quot;}\" data-widget_type=\"elementskit-icon-box.default\">\n\t\t\t\t\t<div class=\"ekit-wid-con\" >        <!-- link opening -->\n                <!-- end link opening -->\n\n        <div class=\"elementskit-infobox text-left text- icon-lef-right-aligin elementor-animation-   \">\n                        <div class=\"box-body\">\n                            <h3 class=\"elementskit-info-box-title\">\n                    Telefon                <\/h3>\n                                                    <div class=\"box-footer disable_hover_button\">\n                    <div class=\"btn-wraper\">\n                                                            <a >\n                                                                                +90 216 449 12 50                                    <\/a>\n                                                        <\/div>\n                <\/div>\n                    <\/div>\n        \n        \n                <\/div>\n        <\/div>\t\t\t\t<\/div>\n\t\t\t\t<div class=\"elementor-element elementor-element-c939cbb sidebar-cta-contact-item ekit-equal-height-disable elementor-widget elementor-widget-elementskit-icon-box\" data-id=\"c939cbb\" data-element_type=\"widget\" data-settings=\"{&quot;ekit_we_effect_on&quot;:&quot;none&quot;}\" data-widget_type=\"elementskit-icon-box.default\">\n\t\t\t\t\t<div class=\"ekit-wid-con\" >        <!-- link opening -->\n                <!-- end link opening -->\n\n        <div class=\"elementskit-infobox text-left text- icon-lef-right-aligin elementor-animation-   \">\n                        <div class=\"box-body\">\n                            <h3 class=\"elementskit-info-box-title\">\n                    E-Posta                <\/h3>\n                                                    <div class=\"box-footer disable_hover_button\">\n                    <div class=\"btn-wraper\">\n                                                            <a class=\"elementskit-btn whitespace--normal\" href=\"mailto:bilgi@fenerbahce2000.org\">\n                                                                                bilgi@fenerbahce2000.org                                    <\/a>\n                                                        <\/div>\n                <\/div>\n                    <\/div>\n        \n        \n                <\/div>\n        <\/div>\t\t\t\t<\/div>\n\t\t\t\t<\/div>\n\t\t\t\t<\/div>\n\t\t\t\t<\/div>\n\t\t\t\t<\/div>\n\t\t\t\t\t\t<\/div>\n\t\t\t\t<\/div>\n\t\t\t\t<\/div>\n\t\t\t\t<\/div>\n\t\t\t\t<\/div>\n\t\t<div class=\"elementor-element elementor-element-8002142 e-con-full e-flex e-con e-child\" data-id=\"8002142\" data-element_type=\"container\">\n\t\t<div class=\"elementor-element elementor-element-e2f99ba e-con-full e-flex e-con e-child\" data-id=\"e2f99ba\" data-element_type=\"container\">\n\t\t\t\t<div class=\"elementor-element elementor-element-2e1e9c9 at-shiny-glass-effect page-single-img at-image-animation at-animation-image-style-1 elementor-widget elementor-widget-image\" data-id=\"2e1e9c9\" data-element_type=\"widget\" data-settings=\"{&quot;ekit_we_effect_on&quot;:&quot;none&quot;}\" data-widget_type=\"image.default\">\n\t\t\t\t\t\t\t\t\t\t\t\t\t\t\t<img fetchpriority=\"high\" decoding=\"async\" width=\"1200\" height=\"800\" src=\"https:\/\/fenerbahce2000.org\/wp-content\/uploads\/2025\/12\/HAKKINDA.png\" class=\"attachment-full size-full wp-image-4159\" alt=\"\" srcset=\"https:\/\/fenerbahce2000.org\/wp-content\/uploads\/2025\/12\/HAKKINDA.png 1200w, https:\/\/fenerbahce2000.org\/wp-content\/uploads\/2025\/12\/HAKKINDA-300x200.png 300w, https:\/\/fenerbahce2000.org\/wp-content\/uploads\/2025\/12\/HAKKINDA-1024x683.png 1024w, https:\/\/fenerbahce2000.org\/wp-content\/uploads\/2025\/12\/HAKKINDA-768x512.png 768w\" sizes=\"(max-width: 1200px) 100vw, 1200px\" \/>\t\t\t\t\t\t\t\t\t\t\t\t\t\t\t<\/div>\n\t\t\t\t<div class=\"elementor-element elementor-element-82547a9 elementor-invisible elementor-widget elementor-widget-text-editor\" data-id=\"82547a9\" data-element_type=\"widget\" data-settings=\"{&quot;_animation&quot;:&quot;fadeInUp&quot;,&quot;ekit_we_effect_on&quot;:&quot;none&quot;}\" data-widget_type=\"text-editor.default\">\n\t\t\t\t\t\t\t\t\t<p>Fenerbah\u00e7e 2000 Derne\u011fi, T\u00fcrkiye Genelinde faaliyet g\u00f6steren ve Fenerbah\u00e7e Spor Kul\u00fcb\u00fc&#8217;ne g\u00f6n\u00fcl vermi\u015f sporseverlerin bir araya geldi\u011fi bir dernektir. Dernek, Fenerbah\u00e7e sevgisini payla\u015fan, tak\u0131m\u0131n ba\u015far\u0131lar\u0131na destek veren ,Fenerbah\u00e7e Spor Kul\u00fcb\u00fcne g\u00f6n\u00fclden ba\u011fl\u0131 bireyler yeti\u015ftirmek i\u00e7in \u00e7abalayan,Fenerbah\u00e7e&#8217;yi daha ileri seviyeye ta\u015f\u0131yacak donan\u0131ml\u0131 y\u00f6neticiler yeti\u015ftirmeyi \u015fiar edinmi\u015f,Fenerbah\u00e7e&#8217;nin bir g\u00fcnl\u00fck refah\u0131 i\u00e7in bir \u00f6mr\u00fc vakfedecek bireylerin bir araya geldi\u011fi ve bu ama\u00e7lar i\u00e7in \u00e7al\u0131\u015fan sosyal etkinlikler d\u00fczenleyen bir topluluk olma amac\u0131n\u0131 ta\u015f\u0131r.<\/p><p>Fenerbah\u00e7e 2000 Derne\u011fi, sporun birle\u015ftirici g\u00fcc\u00fcn\u00fc kullanarak yerel ve ulusal d\u00fczeyde \u00e7e\u015fitli etkinlikler d\u00fczenler. Bunlar aras\u0131nda Fenerbah\u00e7e ma\u00e7lar\u0131n\u0131 birlikte izleme etkinlikleri, spor seminerleri, yard\u0131m kampanyalar\u0131 ve sosyal sorumluluk projeleri yer alabilir. Dernek \u00fcyeleri, Fenerbah\u00e7e sevgisi etraf\u0131nda kayna\u015farak sporun ve dayan\u0131\u015fman\u0131n \u00f6nemini vurgularlar. Amac\u0131 sadece futbol de\u011fil, ayn\u0131 zamanda sporun de\u011ferlerini topluma yaymak olan Fenerbah\u00e7e 2000 Derne\u011fi, sporun gen\u00e7leri olumlu y\u00f6nde etkileyebilece\u011fine inan\u0131r ve gen\u00e7lerin sporla i\u00e7 i\u00e7e olmalar\u0131n\u0131 te\u015fvik eder. K\u0131sacas\u0131, Fenerbah\u00e7e 2000 Derne\u011fi, T\u00fcrkiye Genelinde Fenerbah\u00e7e sevgisini ya\u015fatan, sporun birle\u015ftirici g\u00fcc\u00fcn\u00fc kullanarak toplulu\u011fa katk\u0131da bulunan ve sporun yayg\u0131nla\u015ft\u0131r\u0131lmas\u0131na \u00f6nem veren bir dernektir.<\/p>\t\t\t\t\t\t\t\t<\/div>\n\t\t\t\t<\/div>\n\t\t\t\t<\/div>\n\t\t\t\t\t<\/div>\n\t\t\t\t<\/div>\n\t\t\t\t<\/div>\n\t\t","protected":false},"excerpt":{"rendered":"<p>FENERBAH\u00c7E 2000 DERNE\u011e\u0130 Derne\u011fimiz Dernek Hakk\u0131nda Y\u00f6netim Kurulu Ba\u015fkan&#8217;\u0131n Mesaj\u0131 Foto Galeri [&hellip;]<\/p>\n","protected":false},"author":1,"featured_media":0,"parent":1837,"menu_order":0,"comment_status":"closed","ping_status":"closed","template":"elementor_header_footer","meta":{"footnotes":""},"class_list":["post-2290","page","type-page","status-publish","hentry"],"yoast_head":"<!-- This site is optimized with the Yoast SEO plugin v26.6 - https:\/\/yoast.com\/wordpress\/plugins\/seo\/ -->\n<title>Dernek - Fenerbah\u00e7e 2000 Derne\u011fi<\/title>\n<meta name=\"robots\" content=\"index, follow, max-snippet:-1, max-image-preview:large, max-video-preview:-1\" \/>\n<link rel=\"canonical\" href=\"https:\/\/fenerbahce2000.org\/index.php\/services\/dernek-hakkinda\/\" \/>\n<meta property=\"og:locale\" content=\"tr_TR\" \/>\n<meta property=\"og:type\" content=\"article\" \/>\n<meta property=\"og:title\" content=\"Dernek - Fenerbah\u00e7e 2000 Derne\u011fi\" \/>\n<meta property=\"og:description\" content=\"FENERBAH\u00c7E 2000 DERNE\u011e\u0130 Derne\u011fimiz Dernek Hakk\u0131nda Y\u00f6netim Kurulu Ba\u015fkan&#8217;\u0131n Mesaj\u0131 Foto Galeri [&hellip;]\" \/>\n<meta property=\"og:url\" content=\"https:\/\/fenerbahce2000.org\/index.php\/services\/dernek-hakkinda\/\" \/>\n<meta property=\"og:site_name\" content=\"Fenerbah\u00e7e 2000 Derne\u011fi\" \/>\n<meta property=\"article:modified_time\" content=\"2026-01-05T09:49:31+00:00\" \/>\n<meta property=\"og:image\" content=\"https:\/\/fenerbahce2000.org\/wp-content\/uploads\/2025\/12\/cropped-newlogo.png\" \/>\n\t<meta property=\"og:image:width\" content=\"350\" \/>\n\t<meta property=\"og:image:height\" content=\"100\" \/>\n\t<meta property=\"og:image:type\" content=\"image\/png\" \/>\n<meta name=\"twitter:card\" content=\"summary_large_image\" \/>\n<meta name=\"twitter:site\" content=\"@FB2000DERNEK\" \/>\n<meta name=\"twitter:label1\" content=\"Tahmini okuma s\u00fcresi\" \/>\n\t<meta name=\"twitter:data1\" content=\"1 dakika\" \/>\n<script type=\"application\/ld+json\" class=\"yoast-schema-graph\">{\"@context\":\"https:\/\/schema.org\",\"@graph\":[{\"@type\":\"WebPage\",\"@id\":\"https:\/\/fenerbahce2000.org\/index.php\/services\/dernek-hakkinda\/\",\"url\":\"https:\/\/fenerbahce2000.org\/index.php\/services\/dernek-hakkinda\/\",\"name\":\"Dernek - Fenerbah\u00e7e 2000 Derne\u011fi\",\"isPartOf\":{\"@id\":\"https:\/\/fenerbahce2000.org\/#website\"},\"primaryImageOfPage\":{\"@id\":\"https:\/\/fenerbahce2000.org\/index.php\/services\/dernek-hakkinda\/#primaryimage\"},\"image\":{\"@id\":\"https:\/\/fenerbahce2000.org\/index.php\/services\/dernek-hakkinda\/#primaryimage\"},\"thumbnailUrl\":\"http:\/\/fenerbahce2000.org\/wp-content\/uploads\/2025\/12\/cropped-newlogo.png\",\"datePublished\":\"2025-07-16T06:12:49+00:00\",\"dateModified\":\"2026-01-05T09:49:31+00:00\",\"breadcrumb\":{\"@id\":\"https:\/\/fenerbahce2000.org\/index.php\/services\/dernek-hakkinda\/#breadcrumb\"},\"inLanguage\":\"tr\",\"potentialAction\":[{\"@type\":\"ReadAction\",\"target\":[\"https:\/\/fenerbahce2000.org\/index.php\/services\/dernek-hakkinda\/\"]}]},{\"@type\":\"ImageObject\",\"inLanguage\":\"tr\",\"@id\":\"https:\/\/fenerbahce2000.org\/index.php\/services\/dernek-hakkinda\/#primaryimage\",\"url\":\"https:\/\/fenerbahce2000.org\/wp-content\/uploads\/2025\/12\/cropped-newlogo.png\",\"contentUrl\":\"https:\/\/fenerbahce2000.org\/wp-content\/uploads\/2025\/12\/cropped-newlogo.png\",\"width\":350,\"height\":100},{\"@type\":\"BreadcrumbList\",\"@id\":\"https:\/\/fenerbahce2000.org\/index.php\/services\/dernek-hakkinda\/#breadcrumb\",\"itemListElement\":[{\"@type\":\"ListItem\",\"position\":1,\"name\":\"Anasayfa\",\"item\":\"https:\/\/fenerbahce2000.org\/\"},{\"@type\":\"ListItem\",\"position\":2,\"name\":\"Services\",\"item\":\"https:\/\/fenerbahce2000.org\/index.php\/services\/\"},{\"@type\":\"ListItem\",\"position\":3,\"name\":\"Dernek\"}]},{\"@type\":\"WebSite\",\"@id\":\"https:\/\/fenerbahce2000.org\/#website\",\"url\":\"https:\/\/fenerbahce2000.org\/\",\"name\":\"Fenerbah\u00e7e 2000 Derne\u011fi\",\"description\":\"\",\"publisher\":{\"@id\":\"https:\/\/fenerbahce2000.org\/#organization\"},\"potentialAction\":[{\"@type\":\"SearchAction\",\"target\":{\"@type\":\"EntryPoint\",\"urlTemplate\":\"https:\/\/fenerbahce2000.org\/?s={search_term_string}\"},\"query-input\":{\"@type\":\"PropertyValueSpecification\",\"valueRequired\":true,\"valueName\":\"search_term_string\"}}],\"inLanguage\":\"tr\"},{\"@type\":\"Organization\",\"@id\":\"https:\/\/fenerbahce2000.org\/#organization\",\"name\":\"Fenerbah\u00e7e 2000 Derne\u011fi\",\"url\":\"https:\/\/fenerbahce2000.org\/\",\"logo\":{\"@type\":\"ImageObject\",\"inLanguage\":\"tr\",\"@id\":\"https:\/\/fenerbahce2000.org\/#\/schema\/logo\/image\/\",\"url\":\"https:\/\/fenerbahce2000.org\/wp-content\/uploads\/2026\/01\/cropped-2logo_fb2000.png\",\"contentUrl\":\"https:\/\/fenerbahce2000.org\/wp-content\/uploads\/2026\/01\/cropped-2logo_fb2000.png\",\"width\":350,\"height\":100,\"caption\":\"Fenerbah\u00e7e 2000 Derne\u011fi\"},\"image\":{\"@id\":\"https:\/\/fenerbahce2000.org\/#\/schema\/logo\/image\/\"},\"sameAs\":[\"https:\/\/x.com\/FB2000DERNEK\",\"https:\/\/instagram.com\/FB2000DERNEK\"]}]}<\/script>\n<!-- \/ Yoast SEO plugin. -->","yoast_head_json":{"title":"Dernek - Fenerbah\u00e7e 2000 Derne\u011fi","robots":{"index":"index","follow":"follow","max-snippet":"max-snippet:-1","max-image-preview":"max-image-preview:large","max-video-preview":"max-video-preview:-1"},"canonical":"https:\/\/fenerbahce2000.org\/index.php\/services\/dernek-hakkinda\/","og_locale":"tr_TR","og_type":"article","og_title":"Dernek - Fenerbah\u00e7e 2000 Derne\u011fi","og_description":"FENERBAH\u00c7E 2000 DERNE\u011e\u0130 Derne\u011fimiz Dernek Hakk\u0131nda Y\u00f6netim Kurulu Ba\u015fkan&#8217;\u0131n Mesaj\u0131 Foto Galeri [&hellip;]","og_url":"https:\/\/fenerbahce2000.org\/index.php\/services\/dernek-hakkinda\/","og_site_name":"Fenerbah\u00e7e 2000 Derne\u011fi","article_modified_time":"2026-01-05T09:49:31+00:00","og_image":[{"width":350,"height":100,"url":"https:\/\/fenerbahce2000.org\/wp-content\/uploads\/2025\/12\/cropped-newlogo.png","type":"image\/png"}],"twitter_card":"summary_large_image","twitter_site":"@FB2000DERNEK","twitter_misc":{"Tahmini okuma s\u00fcresi":"1 dakika"},"schema":{"@context":"https:\/\/schema.org","@graph":[{"@type":"WebPage","@id":"https:\/\/fenerbahce2000.org\/index.php\/services\/dernek-hakkinda\/","url":"https:\/\/fenerbahce2000.org\/index.php\/services\/dernek-hakkinda\/","name":"Dernek - Fenerbah\u00e7e 2000 Derne\u011fi","isPartOf":{"@id":"https:\/\/fenerbahce2000.org\/#website"},"primaryImageOfPage":{"@id":"https:\/\/fenerbahce2000.org\/index.php\/services\/dernek-hakkinda\/#primaryimage"},"image":{"@id":"https:\/\/fenerbahce2000.org\/index.php\/services\/dernek-hakkinda\/#primaryimage"},"thumbnailUrl":"http:\/\/fenerbahce2000.org\/wp-content\/uploads\/2025\/12\/cropped-newlogo.png","datePublished":"2025-07-16T06:12:49+00:00","dateModified":"2026-01-05T09:49:31+00:00","breadcrumb":{"@id":"https:\/\/fenerbahce2000.org\/index.php\/services\/dernek-hakkinda\/#breadcrumb"},"inLanguage":"tr","potentialAction":[{"@type":"ReadAction","target":["https:\/\/fenerbahce2000.org\/index.php\/services\/dernek-hakkinda\/"]}]},{"@type":"ImageObject","inLanguage":"tr","@id":"https:\/\/fenerbahce2000.org\/index.php\/services\/dernek-hakkinda\/#primaryimage","url":"https:\/\/fenerbahce2000.org\/wp-content\/uploads\/2025\/12\/cropped-newlogo.png","contentUrl":"https:\/\/fenerbahce2000.org\/wp-content\/uploads\/2025\/12\/cropped-newlogo.png","width":350,"height":100},{"@type":"BreadcrumbList","@id":"https:\/\/fenerbahce2000.org\/index.php\/services\/dernek-hakkinda\/#breadcrumb","itemListElement":[{"@type":"ListItem","position":1,"name":"Anasayfa","item":"https:\/\/fenerbahce2000.org\/"},{"@type":"ListItem","position":2,"name":"Services","item":"https:\/\/fenerbahce2000.org\/index.php\/services\/"},{"@type":"ListItem","position":3,"name":"Dernek"}]},{"@type":"WebSite","@id":"https:\/\/fenerbahce2000.org\/#website","url":"https:\/\/fenerbahce2000.org\/","name":"Fenerbah\u00e7e 2000 Derne\u011fi","description":"","publisher":{"@id":"https:\/\/fenerbahce2000.org\/#organization"},"potentialAction":[{"@type":"SearchAction","target":{"@type":"EntryPoint","urlTemplate":"https:\/\/fenerbahce2000.org\/?s={search_term_string}"},"query-input":{"@type":"PropertyValueSpecification","valueRequired":true,"valueName":"search_term_string"}}],"inLanguage":"tr"},{"@type":"Organization","@id":"https:\/\/fenerbahce2000.org\/#organization","name":"Fenerbah\u00e7e 2000 Derne\u011fi","url":"https:\/\/fenerbahce2000.org\/","logo":{"@type":"ImageObject","inLanguage":"tr","@id":"https:\/\/fenerbahce2000.org\/#\/schema\/logo\/image\/","url":"https:\/\/fenerbahce2000.org\/wp-content\/uploads\/2026\/01\/cropped-2logo_fb2000.png","contentUrl":"https:\/\/fenerbahce2000.org\/wp-content\/uploads\/2026\/01\/cropped-2logo_fb2000.png","width":350,"height":100,"caption":"Fenerbah\u00e7e 2000 Derne\u011fi"},"image":{"@id":"https:\/\/fenerbahce2000.org\/#\/schema\/logo\/image\/"},"sameAs":["https:\/\/x.com\/FB2000DERNEK","https:\/\/instagram.com\/FB2000DERNEK"]}]}},"_links":{"self":[{"href":"https:\/\/fenerbahce2000.org\/index.php\/wp-json\/wp\/v2\/pages\/2290","targetHints":{"allow":["GET"]}}],"collection":[{"href":"https:\/\/fenerbahce2000.org\/index.php\/wp-json\/wp\/v2\/pages"}],"about":[{"href":"https:\/\/fenerbahce2000.org\/index.php\/wp-json\/wp\/v2\/types\/page"}],"author":[{"embeddable":true,"href":"https:\/\/fenerbahce2000.org\/index.php\/wp-json\/wp\/v2\/users\/1"}],"replies":[{"embeddable":true,"href":"https:\/\/fenerbahce2000.org\/index.php\/wp-json\/wp\/v2\/comments?post=2290"}],"version-history":[{"count":11,"href":"https:\/\/fenerbahce2000.org\/index.php\/wp-json\/wp\/v2\/pages\/2290\/revisions"}],"predecessor-version":[{"id":4374,"href":"https:\/\/fenerbahce2000.org\/index.php\/wp-json\/wp\/v2\/pages\/2290\/revisions\/4374"}],"up":[{"embeddable":true,"href":"https:\/\/fenerbahce2000.org\/index.php\/wp-json\/wp\/v2\/pages\/1837"}],"wp:attachment":[{"href":"https:\/\/fenerbahce2000.org\/index.php\/wp-json\/wp\/v2\/media?parent=2290"}],"curies":[{"name":"wp","href":"https:\/\/api.w.org\/{rel}","templated":true}]}}